{"id":713,"date":"2026-02-03T11:54:08","date_gmt":"2026-02-03T11:54:08","guid":{"rendered":"https:\/\/bcnillustration.com\/?page_id=713"},"modified":"2026-02-03T11:57:18","modified_gmt":"2026-02-03T11:57:18","slug":"markets","status":"publish","type":"page","link":"https:\/\/bcnillustration.com\/index.php\/markets\/","title":{"rendered":"Markets"},"content":{"rendered":"<p>[et_pb_section fb_built=\u00bb1&#8243; _builder_version=\u00bb4.27.4&#8243; _module_preset=\u00bbdefault\u00bb global_colors_info=\u00bb{}\u00bb theme_builder_area=\u00bbpost_content\u00bb][et_pb_row _builder_version=\u00bb4.27.4&#8243; _module_preset=\u00bbdefault\u00bb max_width=\u00bb80%\u00bb module_alignment=\u00bbcenter\u00bb custom_margin=\u00bb-50px||||false|false\u00bb global_colors_info=\u00bb{}\u00bb theme_builder_area=\u00bbpost_content\u00bb][et_pb_column type=\u00bb4_4&#8243; _builder_version=\u00bb4.27.4&#8243; _module_preset=\u00bbdefault\u00bb global_colors_info=\u00bb{}\u00bb theme_builder_area=\u00bbpost_content\u00bb][et_pb_image src=\u00bbhttps:\/\/bcnillustration.com\/wp-content\/uploads\/2026\/02\/markets.jpg\u00bb title_text=\u00bbmarkets\u00bb align=\u00bbcenter\u00bb disabled_on=\u00bbon|off|off\u00bb _builder_version=\u00bb4.27.5&#8243; _module_preset=\u00bbdefault\u00bb border_radii=\u00bbon|20px|20px|20px|20px\u00bb global_colors_info=\u00bb{}\u00bb theme_builder_area=\u00bbpost_content\u00bb][\/et_pb_image][et_pb_image src=\u00bbhttps:\/\/bcnillustration.com\/wp-content\/uploads\/2026\/02\/markets2.jpg\u00bb title_text=\u00bbmarkets2&#8243; align=\u00bbcenter\u00bb disabled_on=\u00bboff|on|on\u00bb _builder_version=\u00bb4.27.5&#8243; _module_preset=\u00bbdefault\u00bb border_radii=\u00bbon|20px|20px|20px|20px\u00bb global_colors_info=\u00bb{}\u00bb theme_builder_area=\u00bbpost_content\u00bb][\/et_pb_image][et_pb_text _builder_version=\u00bb4.27.4&#8243; _module_preset=\u00bbdefault\u00bb text_font_size=\u00bb14px\u00bb header_font_size=\u00bb69px\u00bb width=\u00bb100%\u00bb module_alignment=\u00bbcenter\u00bb global_colors_info=\u00bb{}\u00bb theme_builder_area=\u00bbpost_content\u00bb]<\/p>\n<h2 class=\"et_pb_module_header\" style=\"text-align: center;\"><span>Markets<\/span><\/h2>\n<p>[\/et_pb_text][et_pb_text _builder_version=\u00bb4.27.5&#8243; _module_preset=\u00bbdefault\u00bb custom_margin=\u00bb-30px||||false|false\u00bb custom_padding=\u00bb0px||||false|false\u00bb hover_enabled=\u00bb0&#8243; global_colors_info=\u00bb{}\u00bb theme_builder_area=\u00bbpost_content\u00bb sticky_enabled=\u00bb0&#8243;]<\/p>\n<p data-start=\"226\" data-end=\"448\" style=\"text-align: center;\"><strong data-start=\"226\" data-end=\"312\">Puedes encontrarme los domingos en la feria de artesan\u00eda de la Rambla del Poblenou<\/strong> (entre Dr. Trueta y Fernando Poo)<br data-start=\"346\" data-end=\"349\" \/><strong data-start=\"349\" data-end=\"369\">Pr\u00f3ximas ferias:<\/strong> <strong data-start=\"370\" data-end=\"380\">MARZO:<\/strong> 1, 8, 15, 22 y 29 \u00b7 <strong data-start=\"401\" data-end=\"411\">ABRIL:<\/strong> 12, 19 y 26 \u00b7 <strong data-start=\"426\" data-end=\"435\">MAYO:<\/strong> 3, 24 y 31<\/p>\n<p data-start=\"450\" data-end=\"557\" style=\"text-align: center;\">Para otras ferias en Barcelona y alrededores, puedes contactar v\u00eda <a href=\"tel:+34651938046\">tel\u00e9fono<\/a>, <a href=\"mailto:info@oscarpina.com\">correo electr\u00f3nico<\/a> o <a href=\"https:\/\/wa.me\/+34651938046\">whatsapp<\/a>.<\/p>\n<p>[\/et_pb_text][\/et_pb_column][\/et_pb_row][et_pb_row _builder_version=\u00bb4.27.5&#8243; _module_preset=\u00bbdefault\u00bb max_width=\u00bb400px\u00bb module_alignment=\u00bbcenter\u00bb global_colors_info=\u00bb{}\u00bb theme_builder_area=\u00bbpost_content\u00bb][et_pb_column type=\u00bb4_4&#8243; _builder_version=\u00bb4.27.5&#8243; _module_preset=\u00bbdefault\u00bb global_colors_info=\u00bb{}\u00bb theme_builder_area=\u00bbpost_content\u00bb][et_pb_button button_url=\u00bbhttps:\/\/bcnillustration.com\/index.php\/es\/contacto\/\u00bb button_text=\u00bbCONTACTO\u00bb button_alignment=\u00bbcenter\u00bb _builder_version=\u00bb4.27.5&#8243; _module_preset=\u00bbdefault\u00bb button_font=\u00bb&#8211;et_global_body_font|500|||||||\u00bb hover_enabled=\u00bb0&#8243; global_colors_info=\u00bb{}\u00bb theme_builder_area=\u00bbpost_content\u00bb sticky_enabled=\u00bb0&#8243;][\/et_pb_button][\/et_pb_column][\/et_pb_row][\/et_pb_section]<\/p>\n","protected":false},"excerpt":{"rendered":"<p>MarketsPuedes encontrarme los domingos en la feria de artesan\u00eda de la Rambla del Poblenou (entre Dr. Trueta y Fernando Poo)Pr\u00f3ximas ferias: MARZO: 1, 8, 15, 22 y 29 \u00b7 ABRIL: 12, 19 y 26 \u00b7 MAYO: 3, 24 y 31 Para otras ferias en Barcelona y alrededores, puedes contactar v\u00eda tel\u00e9fono, correo electr\u00f3nico o whatsapp.<\/p>\n","protected":false},"author":1,"featured_media":0,"parent":0,"menu_order":0,"comment_status":"closed","ping_status":"closed","template":"","meta":{"_et_pb_use_builder":"on","_et_pb_old_content":"","_et_gb_content_width":"","footnotes":""},"class_list":["post-713","page","type-page","status-publish","hentry"],"_links":{"self":[{"href":"https:\/\/bcnillustration.com\/index.php\/wp-json\/wp\/v2\/pages\/713","targetHints":{"allow":["GET"]}}],"collection":[{"href":"https:\/\/bcnillustration.com\/index.php\/wp-json\/wp\/v2\/pages"}],"about":[{"href":"https:\/\/bcnillustration.com\/index.php\/wp-json\/wp\/v2\/types\/page"}],"author":[{"embeddable":true,"href":"https:\/\/bcnillustration.com\/index.php\/wp-json\/wp\/v2\/users\/1"}],"replies":[{"embeddable":true,"href":"https:\/\/bcnillustration.com\/index.php\/wp-json\/wp\/v2\/comments?post=713"}],"version-history":[{"count":5,"href":"https:\/\/bcnillustration.com\/index.php\/wp-json\/wp\/v2\/pages\/713\/revisions"}],"predecessor-version":[{"id":718,"href":"https:\/\/bcnillustration.com\/index.php\/wp-json\/wp\/v2\/pages\/713\/revisions\/718"}],"wp:attachment":[{"href":"https:\/\/bcnillustration.com\/index.php\/wp-json\/wp\/v2\/media?parent=713"}],"curies":[{"name":"wp","href":"https:\/\/api.w.org\/{rel}","templated":true}]}}